{"id":257,"date":"2025-08-17T14:10:15","date_gmt":"2025-08-17T14:10:15","guid":{"rendered":"https:\/\/brunocoffeestore.com\/product\/flat-white\/"},"modified":"2025-09-02T14:33:28","modified_gmt":"2025-09-02T14:33:28","slug":"flat-white","status":"publish","type":"product","link":"https:\/\/brunocoffeestore.com\/en\/product\/flat-white\/","title":{"rendered":"Flat White"},"content":{"rendered":"","protected":false},"excerpt":{"rendered":"","protected":false},"featured_media":121,"comment_status":"open","ping_status":"closed","template":"","meta":[],"product_brand":[],"product_cat":[40],"product_tag":[],"class_list":{"0":"post-257","1":"product","2":"type-product","3":"status-publish","4":"has-post-thumbnail","6":"product_cat-new-beverages","8":"first","9":"instock","10":"shipping-taxable","11":"purchasable","12":"product-type-simple"},"yoast_head":"<!-- This site is optimized with the Yoast SEO plugin v27.4 - https:\/\/yoast.com\/product\/yoast-seo-wordpress\/ -->\n<title>Flat White - Bruno Coffee Albania<\/title>\n<meta name=\"robots\" content=\"index, follow, max-snippet:-1, max-image-preview:large, max-video-preview:-1\" \/>\n<link rel=\"canonical\" href=\"https:\/\/brunocoffeestore.com\/en\/product\/flat-white\/\" \/>\n<meta property=\"og:locale\" content=\"en_US\" \/>\n<meta property=\"og:type\" content=\"article\" \/>\n<meta property=\"og:title\" content=\"Flat White - Bruno Coffee Albania\" \/>\n<meta property=\"og:url\" content=\"https:\/\/brunocoffeestore.com\/en\/product\/flat-white\/\" \/>\n<meta property=\"og:site_name\" content=\"Bruno Coffee Albania\" \/>\n<meta property=\"article:modified_time\" content=\"2025-09-02T14:33:28+00:00\" \/>\n<meta property=\"og:image\" content=\"https:\/\/brunocoffeestore.com\/wp-content\/uploads\/2025\/08\/516450973_17845104537518903_6133224756408357809_n.jpg\" \/>\n\t<meta property=\"og:image:width\" content=\"1080\" \/>\n\t<meta property=\"og:image:height\" content=\"1080\" \/>\n\t<meta property=\"og:image:type\" content=\"image\/jpeg\" \/>\n<meta name=\"twitter:card\" content=\"summary_large_image\" \/>\n<script type=\"application\/ld+json\" class=\"yoast-schema-graph\">{\"@context\":\"https:\\\/\\\/schema.org\",\"@graph\":[{\"@type\":\"WebPage\",\"@id\":\"https:\\\/\\\/brunocoffeestore.com\\\/product\\\/flat-white\\\/\",\"url\":\"https:\\\/\\\/brunocoffeestore.com\\\/product\\\/flat-white\\\/\",\"name\":\"Flat White - Bruno Coffee Albania\",\"isPartOf\":{\"@id\":\"https:\\\/\\\/brunocoffeestore.com\\\/#website\"},\"primaryImageOfPage\":{\"@id\":\"https:\\\/\\\/brunocoffeestore.com\\\/product\\\/flat-white\\\/#primaryimage\"},\"image\":{\"@id\":\"https:\\\/\\\/brunocoffeestore.com\\\/product\\\/flat-white\\\/#primaryimage\"},\"thumbnailUrl\":\"https:\\\/\\\/brunocoffeestore.com\\\/wp-content\\\/uploads\\\/2025\\\/08\\\/516450973_17845104537518903_6133224756408357809_n.jpg\",\"datePublished\":\"2025-08-17T14:10:15+00:00\",\"dateModified\":\"2025-09-02T14:33:28+00:00\",\"breadcrumb\":{\"@id\":\"https:\\\/\\\/brunocoffeestore.com\\\/product\\\/flat-white\\\/#breadcrumb\"},\"inLanguage\":\"en-US\",\"potentialAction\":[{\"@type\":\"ReadAction\",\"target\":[\"https:\\\/\\\/brunocoffeestore.com\\\/product\\\/flat-white\\\/\"]}]},{\"@type\":\"ImageObject\",\"inLanguage\":\"en-US\",\"@id\":\"https:\\\/\\\/brunocoffeestore.com\\\/product\\\/flat-white\\\/#primaryimage\",\"url\":\"https:\\\/\\\/brunocoffeestore.com\\\/wp-content\\\/uploads\\\/2025\\\/08\\\/516450973_17845104537518903_6133224756408357809_n.jpg\",\"contentUrl\":\"https:\\\/\\\/brunocoffeestore.com\\\/wp-content\\\/uploads\\\/2025\\\/08\\\/516450973_17845104537518903_6133224756408357809_n.jpg\",\"width\":1080,\"height\":1080},{\"@type\":\"BreadcrumbList\",\"@id\":\"https:\\\/\\\/brunocoffeestore.com\\\/product\\\/flat-white\\\/#breadcrumb\",\"itemListElement\":[{\"@type\":\"ListItem\",\"position\":1,\"name\":\"Home\",\"item\":\"https:\\\/\\\/brunocoffeestore.com\\\/\"},{\"@type\":\"ListItem\",\"position\":2,\"name\":\"Products\",\"item\":\"https:\\\/\\\/brunocoffeestore.com\\\/shop\\\/\"},{\"@type\":\"ListItem\",\"position\":3,\"name\":\"Flat White\"}]},{\"@type\":\"WebSite\",\"@id\":\"https:\\\/\\\/brunocoffeestore.com\\\/#website\",\"url\":\"https:\\\/\\\/brunocoffeestore.com\\\/\",\"name\":\"Bruno Coffee Albania\",\"description\":\"Kafe e P\u00ebrkryer \u00c7do Dit\u00eb\",\"publisher\":{\"@id\":\"https:\\\/\\\/brunocoffeestore.com\\\/#organization\"},\"potentialAction\":[{\"@type\":\"SearchAction\",\"target\":{\"@type\":\"EntryPoint\",\"urlTemplate\":\"https:\\\/\\\/brunocoffeestore.com\\\/?s={search_term_string}\"},\"query-input\":{\"@type\":\"PropertyValueSpecification\",\"valueRequired\":true,\"valueName\":\"search_term_string\"}}],\"inLanguage\":\"en-US\"},{\"@type\":\"Organization\",\"@id\":\"https:\\\/\\\/brunocoffeestore.com\\\/#organization\",\"name\":\"Bruno Coffee Albania\",\"url\":\"https:\\\/\\\/brunocoffeestore.com\\\/\",\"logo\":{\"@type\":\"ImageObject\",\"inLanguage\":\"en-US\",\"@id\":\"https:\\\/\\\/brunocoffeestore.com\\\/#\\\/schema\\\/logo\\\/image\\\/\",\"url\":\"https:\\\/\\\/brunocoffeestore.com\\\/wp-content\\\/uploads\\\/2025\\\/08\\\/BRUNO-LOGO-2012.png\",\"contentUrl\":\"https:\\\/\\\/brunocoffeestore.com\\\/wp-content\\\/uploads\\\/2025\\\/08\\\/BRUNO-LOGO-2012.png\",\"width\":155,\"height\":155,\"caption\":\"Bruno Coffee Albania\"},\"image\":{\"@id\":\"https:\\\/\\\/brunocoffeestore.com\\\/#\\\/schema\\\/logo\\\/image\\\/\"},\"sameAs\":[\"https:\\\/\\\/www.instagram.com\\\/brunocoffealb\\\/\"]}]}<\/script>\n<!-- \/ Yoast SEO plugin. -->","yoast_head_json":{"title":"Flat White - Bruno Coffee Albania","robots":{"index":"index","follow":"follow","max-snippet":"max-snippet:-1","max-image-preview":"max-image-preview:large","max-video-preview":"max-video-preview:-1"},"canonical":"https:\/\/brunocoffeestore.com\/en\/product\/flat-white\/","og_locale":"en_US","og_type":"article","og_title":"Flat White - Bruno Coffee Albania","og_url":"https:\/\/brunocoffeestore.com\/en\/product\/flat-white\/","og_site_name":"Bruno Coffee Albania","article_modified_time":"2025-09-02T14:33:28+00:00","og_image":[{"width":1080,"height":1080,"url":"https:\/\/brunocoffeestore.com\/wp-content\/uploads\/2025\/08\/516450973_17845104537518903_6133224756408357809_n.jpg","type":"image\/jpeg"}],"twitter_card":"summary_large_image","schema":{"@context":"https:\/\/schema.org","@graph":[{"@type":"WebPage","@id":"https:\/\/brunocoffeestore.com\/product\/flat-white\/","url":"https:\/\/brunocoffeestore.com\/product\/flat-white\/","name":"Flat White - Bruno Coffee Albania","isPartOf":{"@id":"https:\/\/brunocoffeestore.com\/#website"},"primaryImageOfPage":{"@id":"https:\/\/brunocoffeestore.com\/product\/flat-white\/#primaryimage"},"image":{"@id":"https:\/\/brunocoffeestore.com\/product\/flat-white\/#primaryimage"},"thumbnailUrl":"https:\/\/brunocoffeestore.com\/wp-content\/uploads\/2025\/08\/516450973_17845104537518903_6133224756408357809_n.jpg","datePublished":"2025-08-17T14:10:15+00:00","dateModified":"2025-09-02T14:33:28+00:00","breadcrumb":{"@id":"https:\/\/brunocoffeestore.com\/product\/flat-white\/#breadcrumb"},"inLanguage":"en-US","potentialAction":[{"@type":"ReadAction","target":["https:\/\/brunocoffeestore.com\/product\/flat-white\/"]}]},{"@type":"ImageObject","inLanguage":"en-US","@id":"https:\/\/brunocoffeestore.com\/product\/flat-white\/#primaryimage","url":"https:\/\/brunocoffeestore.com\/wp-content\/uploads\/2025\/08\/516450973_17845104537518903_6133224756408357809_n.jpg","contentUrl":"https:\/\/brunocoffeestore.com\/wp-content\/uploads\/2025\/08\/516450973_17845104537518903_6133224756408357809_n.jpg","width":1080,"height":1080},{"@type":"BreadcrumbList","@id":"https:\/\/brunocoffeestore.com\/product\/flat-white\/#breadcrumb","itemListElement":[{"@type":"ListItem","position":1,"name":"Home","item":"https:\/\/brunocoffeestore.com\/"},{"@type":"ListItem","position":2,"name":"Products","item":"https:\/\/brunocoffeestore.com\/shop\/"},{"@type":"ListItem","position":3,"name":"Flat White"}]},{"@type":"WebSite","@id":"https:\/\/brunocoffeestore.com\/#website","url":"https:\/\/brunocoffeestore.com\/","name":"Bruno Coffee Albania","description":"Kafe e P\u00ebrkryer \u00c7do Dit\u00eb","publisher":{"@id":"https:\/\/brunocoffeestore.com\/#organization"},"potentialAction":[{"@type":"SearchAction","target":{"@type":"EntryPoint","urlTemplate":"https:\/\/brunocoffeestore.com\/?s={search_term_string}"},"query-input":{"@type":"PropertyValueSpecification","valueRequired":true,"valueName":"search_term_string"}}],"inLanguage":"en-US"},{"@type":"Organization","@id":"https:\/\/brunocoffeestore.com\/#organization","name":"Bruno Coffee Albania","url":"https:\/\/brunocoffeestore.com\/","logo":{"@type":"ImageObject","inLanguage":"en-US","@id":"https:\/\/brunocoffeestore.com\/#\/schema\/logo\/image\/","url":"https:\/\/brunocoffeestore.com\/wp-content\/uploads\/2025\/08\/BRUNO-LOGO-2012.png","contentUrl":"https:\/\/brunocoffeestore.com\/wp-content\/uploads\/2025\/08\/BRUNO-LOGO-2012.png","width":155,"height":155,"caption":"Bruno Coffee Albania"},"image":{"@id":"https:\/\/brunocoffeestore.com\/#\/schema\/logo\/image\/"},"sameAs":["https:\/\/www.instagram.com\/brunocoffealb\/"]}]}},"acf":[],"jetpack_sharing_enabled":true,"_links":{"self":[{"href":"https:\/\/brunocoffeestore.com\/en\/wp-json\/wp\/v2\/product\/257","targetHints":{"allow":["GET"]}}],"collection":[{"href":"https:\/\/brunocoffeestore.com\/en\/wp-json\/wp\/v2\/product"}],"about":[{"href":"https:\/\/brunocoffeestore.com\/en\/wp-json\/wp\/v2\/types\/product"}],"replies":[{"embeddable":true,"href":"https:\/\/brunocoffeestore.com\/en\/wp-json\/wp\/v2\/comments?post=257"}],"wp:featuredmedia":[{"embeddable":true,"href":"https:\/\/brunocoffeestore.com\/en\/wp-json\/wp\/v2\/media\/121"}],"wp:attachment":[{"href":"https:\/\/brunocoffeestore.com\/en\/wp-json\/wp\/v2\/media?parent=257"}],"wp:term":[{"taxonomy":"product_brand","embeddable":true,"href":"https:\/\/brunocoffeestore.com\/en\/wp-json\/wp\/v2\/product_brand?post=257"},{"taxonomy":"product_cat","embeddable":true,"href":"https:\/\/brunocoffeestore.com\/en\/wp-json\/wp\/v2\/product_cat?post=257"},{"taxonomy":"product_tag","embeddable":true,"href":"https:\/\/brunocoffeestore.com\/en\/wp-json\/wp\/v2\/product_tag?post=257"}],"curies":[{"name":"wp","href":"https:\/\/api.w.org\/{rel}","templated":true}]}}